{"id":8,"date":"2016-07-28T13:29:41","date_gmt":"2016-07-28T11:29:41","guid":{"rendered":"http:\/\/www.holm-hadulla.com\/wp\/?page_id=8"},"modified":"2026-03-11T21:02:38","modified_gmt":"2026-03-11T20:02:38","slug":"profil","status":"publish","type":"page","link":"https:\/\/www.holm-hadulla.com\/de\/","title":{"rendered":"willkommen"},"content":{"rendered":"<p><\/p>\n<div id=\"center\">\n<p>Herzlich Willkommen!<\/p>\n<p>Sie finden hier mein Profil und \u00fcber das Men\u00fc weitere Informationen zu meinem Lebenslauf und meiner Arbeit.<\/p>\n<\/div>\n<ul>\n<li>Autor, Vortragsredner und Kreativit\u00e4tsforscher<\/li>\n<li>Affiliierter Professor f\u00fcr Psychiatrie, Psychosomatische Medizin und Psychotherapie am Zentrum f\u00fcr Psychosoziale Medizin, Universit\u00e4tsklinikum Heidelberg<\/li>\n<li>Kurator der Veranstaltungsreihe &#8222;Create Peace &#8211; Die Bedeutung von Wissenschaft, Kunst, Sport und Religion f\u00fcr den Frieden&#8220;<\/li>\n<li>Leiter des Projekts &#8222;Fr\u00fche Hilfen f\u00fcr Fl\u00fcchtlingskinder&#8220; mit Studierenden der Universit\u00e4t Heidelberg<\/li>\n<li>Gastprofessor an der Universidad de Chile, Santiago de Chile<\/li>\n<li>Gastprofessor an der <a href=\"http:\/\/www.popakademie.de\/\" target=\"_blank\" rel=\"noopener\">Pop-Akademie Baden-W\u00fcrttemberg, Mannheim<\/a><\/li>\n<li>Publikationen (<a href=\"https:\/\/www.holm-hadulla.com\/wp-content\/uploads\/2026\/03\/Publications-2026.pdf\" target=\"_blank\" title=\"Publikationen\">Download<\/a>)<\/li>\n<li>Vortr\u00e4ge und Vorlesungen 2019\u20132025 (<a href=\"https:\/\/www.holm-hadulla.com\/wp-content\/uploads\/2026\/03\/Holm-Hadulla_Vortraege_2019-2025.pdf\" target=\"_blank\" title=\"Vortr\u00e4ge und Vorlesungen 2019\u20132025\">Download<\/a>)<\/li>\n<li>In den Medien, z.B. <a href=\"https:\/\/www.faz.net\/aktuell\/feuilleton\/debatten\/wieso-die-verherrlichung-von-wut-und-zorn-nicht-das-letzte-wort-hat-16645753.html\" target=\"_blank\" rel=\"noopener\">FAZ (#1)<\/a>, <a href=\"http:\/\/www.zeit.de\/zeit-wissen\/2016\/04\/selbstverwirklichung-kreativitaet-resonanz-selbstfindung\/seite-3\" target=\"_blank\" rel=\"noopener noreferrer\">ZEIT ONLINE<\/a>, <a href=\"http:\/\/www.faz.net\/aktuell\/wissen\/vom-psychoanalyse-weltkongress-spielraum-fuer-die-seele-15172869.html\" target=\"_blank\" rel=\"noopener noreferrer\">FAZ (#2)<\/a><\/li>\n<li>Oder hier: <a href=\"https:\/\/www.swr.de\/swr2\/wissen\/psychotherapie-rainer-m-holm-hadulla-ueber-die-wirksamkeit-von-therapeutischen-gespraechen-100.html\" target=\"_blank\" rel=\"noopener noreferrer\">SWR Kultur (#1)<\/a>, <a href=\"https:\/\/www.swr.de\/kultur\/musik\/gast-im-studio-prof-rainer-m-holm-hadulla-psychiater-und-kreativitaetsforscher-treffpunkt-musik-2025-09-13-100.html\" target=\"_blank\" rel=\"noopener noreferrer\">SWR Kultur (#2)<\/a>, <a href=\"https:\/\/www.youtube.com\/watch?v=hzzxmHhu2uQ\" target=\"_blank\" rel=\"noopener noreferrer\">Psychosozial-Verlag (YouTube)<\/a>, <a href=\"https:\/\/www.arte.tv\/de\/videos\/112493-012-A\/kids\/\" target=\"_blank\" rel=\"noopener noreferrer\">ArteTV Kids<\/a><\/li>\n<li>Und <a title=\"Wikipedia, die freie Enzyklop\u00e4die [externer Link]\" href=\"http:\/\/de.wikipedia.org\/wiki\/Rainer_Matthias_Holm-Hadulla\" target=\"_blank\" rel=\"noopener noreferrer\">weitere Informationen&#8230;<\/a><\/li>\n<\/ul>\n<p><\/p>","protected":false},"excerpt":{"rendered":"<p>Herzlich Willkommen! Sie finden hier mein Profil und \u00fcber das Men\u00fc weitere Informationen zu meinem Lebenslauf und meiner Arbeit. Autor, Vortragsredner und Kreativit\u00e4tsforscher Affiliierter Professor f\u00fcr Psychiatrie, Psychosomatische Medizin und Psychotherapie am Zentrum f\u00fcr Psychosoziale Medizin, Universit\u00e4tsklinikum Heidelberg Kurator der Veranstaltungsreihe &#8222;Create Peace &#8211; Die Bedeutung von Wissenschaft, Kunst, Sport und Religion f\u00fcr den Frieden&#8220; &#8230; <a title=\"willkommen\" class=\"read-more\" href=\"https:\/\/www.holm-hadulla.com\/de\/\" aria-label=\"Mehr Informationen \u00fcber willkommen\">Weiterlesen<\/a><\/p>\n","protected":false},"author":1,"featured_media":0,"parent":0,"menu_order":0,"comment_status":"closed","ping_status":"closed","template":"","meta":{"generate_page_header":"","footnotes":""},"class_list":["post-8","page","type-page","status-publish"],"_links":{"self":[{"href":"https:\/\/www.holm-hadulla.com\/de\/wp-json\/wp\/v2\/pages\/8","targetHints":{"allow":["GET"]}}],"collection":[{"href":"https:\/\/www.holm-hadulla.com\/de\/wp-json\/wp\/v2\/pages"}],"about":[{"href":"https:\/\/www.holm-hadulla.com\/de\/wp-json\/wp\/v2\/types\/page"}],"author":[{"embeddable":true,"href":"https:\/\/www.holm-hadulla.com\/de\/wp-json\/wp\/v2\/users\/1"}],"replies":[{"embeddable":true,"href":"https:\/\/www.holm-hadulla.com\/de\/wp-json\/wp\/v2\/comments?post=8"}],"version-history":[{"count":70,"href":"https:\/\/www.holm-hadulla.com\/de\/wp-json\/wp\/v2\/pages\/8\/revisions"}],"predecessor-version":[{"id":725,"href":"https:\/\/www.holm-hadulla.com\/de\/wp-json\/wp\/v2\/pages\/8\/revisions\/725"}],"wp:attachment":[{"href":"https:\/\/www.holm-hadulla.com\/de\/wp-json\/wp\/v2\/media?parent=8"}],"curies":[{"name":"wp","href":"https:\/\/api.w.org\/{rel}","templated":true}]}}