{"id":632,"date":"2024-01-26T17:53:54","date_gmt":"2024-01-26T16:53:54","guid":{"rendered":"https:\/\/www.holm-hadulla.com\/?page_id=632"},"modified":"2024-01-28T21:33:59","modified_gmt":"2024-01-28T20:33:59","slug":"memberships","status":"publish","type":"page","link":"https:\/\/www.holm-hadulla.com\/de\/memberships\/","title":{"rendered":"mitgliedschaften"},"content":{"rendered":"<p><\/p>\n<ul>\n<li>World Psychiatric Association (WPA)<\/li>\n<li>International Psychoanalytic Association (IPA)<\/li>\n<li>Ehrenmitglied der Academia Chilena de Medicina<\/li>\n<li>Deutsch-Chinesische Akademie f\u00fcr Psychotherapie (DCAP)<\/li>\n<li>Marsilius-Kolleg der Universit\u00e4t Heidelberg<\/li>\n<li>Gesellschaft der Freunde der Universit\u00e4t Heidelberg e.V.<\/li>\n<li>Rotary Club Heidelberg-Schloss<\/li>\n<li>Freundeskreis des Musikfestivals Heidelberger Fr\u00fchling e.V.<\/li>\n<li>Freundeskreis Theater und Philharmonisches Orchester Heidelberg e.V.<\/li>\n<li>Gemeinschaft der K\u00fcnstlerinnen und Kunstf\u00f6rdernden GEDOK e.V.<\/li>\n<li>Goethe-Gesellschaft in Weimar e.V.<\/li>\n<li>Goethe-Gesellschaft Heidelberg e.V.<\/li>\n<li>F\u00f6rderverein St. Thomas zur Betreuung psychisch Erkrankter e.V.<\/li>\n<\/ul>\n<p><\/p>","protected":false},"excerpt":{"rendered":"<p>World Psychiatric Association (WPA) International Psychoanalytic Association (IPA) Ehrenmitglied der Academia Chilena de Medicina Deutsch-Chinesische Akademie f\u00fcr Psychotherapie (DCAP) Marsilius-Kolleg der Universit\u00e4t Heidelberg Gesellschaft der Freunde der Universit\u00e4t Heidelberg e.V. Rotary Club Heidelberg-Schloss Freundeskreis des Musikfestivals Heidelberger Fr\u00fchling e.V. Freundeskreis Theater und Philharmonisches Orchester Heidelberg e.V. Gemeinschaft der K\u00fcnstlerinnen und Kunstf\u00f6rdernden GEDOK e.V. Goethe-Gesellschaft in &#8230; <a title=\"mitgliedschaften\" class=\"read-more\" href=\"https:\/\/www.holm-hadulla.com\/de\/memberships\/\" aria-label=\"Mehr Informationen \u00fcber mitgliedschaften\">Weiterlesen<\/a><\/p>\n","protected":false},"author":1,"featured_media":0,"parent":0,"menu_order":0,"comment_status":"closed","ping_status":"closed","template":"","meta":{"generate_page_header":"","footnotes":""},"class_list":["post-632","page","type-page","status-publish"],"_links":{"self":[{"href":"https:\/\/www.holm-hadulla.com\/de\/wp-json\/wp\/v2\/pages\/632","targetHints":{"allow":["GET"]}}],"collection":[{"href":"https:\/\/www.holm-hadulla.com\/de\/wp-json\/wp\/v2\/pages"}],"about":[{"href":"https:\/\/www.holm-hadulla.com\/de\/wp-json\/wp\/v2\/types\/page"}],"author":[{"embeddable":true,"href":"https:\/\/www.holm-hadulla.com\/de\/wp-json\/wp\/v2\/users\/1"}],"replies":[{"embeddable":true,"href":"https:\/\/www.holm-hadulla.com\/de\/wp-json\/wp\/v2\/comments?post=632"}],"version-history":[{"count":7,"href":"https:\/\/www.holm-hadulla.com\/de\/wp-json\/wp\/v2\/pages\/632\/revisions"}],"predecessor-version":[{"id":657,"href":"https:\/\/www.holm-hadulla.com\/de\/wp-json\/wp\/v2\/pages\/632\/revisions\/657"}],"wp:attachment":[{"href":"https:\/\/www.holm-hadulla.com\/de\/wp-json\/wp\/v2\/media?parent=632"}],"curies":[{"name":"wp","href":"https:\/\/api.w.org\/{rel}","templated":true}]}}