{"id":283,"date":"2020-02-16T11:23:21","date_gmt":"2020-02-16T10:23:21","guid":{"rendered":"https:\/\/www.holm-hadulla.com\/?page_id=283"},"modified":"2023-02-11T17:21:03","modified_gmt":"2023-02-11T16:21:03","slug":"peer-reviewed","status":"publish","type":"page","link":"https:\/\/www.holm-hadulla.com\/de\/publikationen\/peer-reviewed\/","title":{"rendered":"peer-reviewed"},"content":{"rendered":"<p><\/p>\n<div id=\"center\">\n<p><strong>Publikationen in Internationalen Peer-Review-Journals<\/strong><\/p>\n<p>Holm-Hadulla, RM., Mayer, CH, Wendler, H., Kotera, Y., Kremer T., Herpertz, SC. (2022). Fear, Depression and Well-Being during the Covid-19 Pandemic in German and South African Students: A\u00a0cross-cultural comparison. <em>Frontiers of Psychology<\/em>, <a href=\"https:\/\/doi.org\/10.3389\/fpsyg.2022.920125\" target=\"_blank\" rel=\"noopener\">doi 10.3389\/fpsyg.2022.920125<\/a><\/p>\n<p>Holm-Hadulla, RM., Klimov, M., Juche, T., M\u00f6ltner, A., Herpertz, SC.\u00a0(2021). Well-Being and Mental Health of Students during the COVID-19 Pandemic. <em>Psychopathology<\/em>, <a href=\"https:\/\/doi.org\/10.1159\/000519366\" target=\"_blank\" rel=\"noopener\">doi 10.1159\/000519366<\/a><\/p>\n<p>Holm-Hadulla, RM. (2020). Creativity and Positive Psychology in Psychotherapy. <em>International Review of Psychiatry<\/em>, <a href=\"https:\/\/doi.org\/10.1080\/09540261.2020.1809355\" target=\"_blank\" rel=\"noopener\">doi 10.1080\/09540261.2020.1809355<\/a><\/p>\n<p>Holm-Hadulla RM, Wendt AN (2020). Dialectical Thinking: Further Implications for Creativity. <em>Encyclopedia of Creativity, M. Runco &amp; S. Pritzker, Eds.<\/em>, <a href=\"https:\/\/doi.org\/10.1016\/B978-0-12-809324-5.23850-9\" target=\"_blank\" rel=\"noopener noreferrer\">doi.org\/10.1016\/B978-0-12-809324-5.23850-9<\/a><\/p>\n<p>Holm-Hadulla RM (2019). Sympathy for the Devil \u2013 The Creative Transformation of the Evil. <em>Journal of Genius and Eminence<\/em>, 5 (1), 01-11.<\/p>\n<p>Holm-Hadulla RM, Koutsoukou-Argyraki A (2017). Bipolar Disorder and\/or Creative Bipolarity: Robert Schumann&#8217;s Exemplary Psychopathology. <em>Psychopathology<\/em>, 26(4):425-436.<\/p>\n<p>Holm-Hadulla RM, Kousoukou-Argyraki A (2016). Integrative Psychotherapy of Patients With Schizophrenic Spectrum Disorders: The Case of a Musician Suffering From Psychotic Episodes. <em>Journal of Psychotherapy Integration<\/em>, June 30, 2016, <a href=\"https:\/\/psycnet.apa.org\/doi\/10.1037\/int0000049\" target=\"_blank\" rel=\"noopener noreferrer\">https:\/\/psycnet.apa.org\/doi\/10.1037\/int0000049<\/a><\/p>\n<p>Holm-Hadulla RM, Koutsoukou-Argyraki A (2015). Mental Health of Students in a Globalized World: Prevalence of Complaints and Disorders, Methods and Effectivity of Counseling, Structure of Mental Health Services. <em>Mental Health &amp; Prevention<\/em>, 3, 1-4<\/p>\n<p>Holm-Hadulla RM (2015). Comment on \u201cThe Death Drive: Phenomenological Perspectives in Contemporary Kleinian Theory by David L. Bell\u201d. <em>International Journal of Psychoanalysis<\/em>, in press<\/p>\n<p>Holm-Hadulla RM (2014). Creativity, Alcohol and Drug Abuse: The Pop-Icon Jim Morrison. <em>Psychopathology<\/em>, 47(3), 141-206<\/p>\n<p>Holm-Hadulla RM (2013). The Dialectic of Creativity: Towards an Integration of Neurobiological, Psychological, Socio-Cultural and Practical Aspects of the Creative Process. <em>Creativity Research Journal<\/em>, 25(3), 293-299<\/p>\n<p>Holm-Hadulla RM (2013). Creativity, Alcohol and Drug Abuse: The Pop-Icon Jim Morrison. <em>Psychopathology<\/em>, <a href=\"https:\/\/doi.org\/10.1159\/000354617\" target=\"_blank\" rel=\"noopener\">doi 10.1159\/ooo354617<\/a><\/p>\n<p>Holm-Hadulla RM (2012). Goethe\u2019s Anxieties, Depressive Episodes and (Self-) Therapeutic Strategies. A Contribution to Method Integration in Psychotherapy. <em>Psychopathology, 46, 266-274<\/em><\/p>\n<p>Holm-Hadulla RM &amp; Hofmann FH (2012). Counselling, Psychotherapy and Creativity. <em>Asian-Pacific Journal of Counselling and Psychotherapy. <\/em>\u00a0<a href=\"https:\/\/doi.org\/10.1080\/21507686.2012.711761\" target=\"_blank\" rel=\"noopener\">doi 10.1080\/21507686<\/a><\/p>\n<p>Holm-Hadulla RM, Sperth M. &amp; Hofmann FH (2012). Psychotherapie und Kreativit\u00e4t. <em>Familiendynamik, Systemische Praxis und Forschung<\/em>,<em> 1: 16-23\u00a0 <\/em><\/p>\n<p>Holm-Hadulla RM (2011). Creatividad, Depresi\u00f3n y Psicoan\u00e1lisis: el caso Goethe. <em>Revista Argentina de Psicoan\u00e1lisis<\/em>, Vol. 58, No. 4, 695-714<\/p>\n<p>Holm-Hadulla RM Sperth M. &amp; Hofmann FH (2011). Integrative Counselling. <em>Asian-Pacific Journal of Counselling and Psychotherapy<\/em>, Vol. 2, No. 1, 3-24<\/p>\n<p>Holm-Hadulla RM (2010). Depression and Creativity \u2013 The Case of the German Poet, Scientist and Statesman J. W. v. Goethe. <em>Journal of Affective Disorders<\/em>, 127, 43-49<\/p>\n<p>Holm-Hadulla RM (2009). Goethes Studienkrise, Depression und seine Selbstbehandlungsstrategien. <em>Psychotherapeut, 54: 370-376<\/em><\/p>\n<p>Holm-Hadulla RM, Hofmann FH, Sperth M &amp; Funke J (2009). Psychische Beschwerden und St\u00f6rungen von Studierenden. <em>Psychotherapeut, 54: 346-356<\/em><\/p>\n<p>Holm-Hadulla RM, Sperth M. &amp; Hofmann FH (2009). Integrative Beratung. <em>Psychotherapeut, 54: 326-333 <\/em><\/p>\n<p>Holm-Hadulla RM (2006). Aesthetic and Hermeneutic Judgement in Psychotherapy. <em>Philosophy, Psychiatry &amp; Psychology <\/em>123, No.4<\/p>\n<p>Holm-Hadulla RM (2003). Psychoanalysis as a Creative Shaping Process. <em>Int. J. Psychoanal.<\/em> <em>84: 1203-1220<br \/>\n<\/em><\/p>\n<p>Holm-Hadulla RM (2002). Coaching. <em>Psychotherapeut<\/em>, 47: 241-248<\/p>\n<p>Holm-Hadulla RM (2000). Die therapeutische Beziehung. <em>Psychotherapeut<\/em>, 45: 124-136<\/p>\n<p>Holm-Hadulla RM (2000). Hermeneutik als Basis psychotherapeutischen Handelns. <em>Klin. Psychol. Psychiat. Psychother.<\/em>, 4: 406-418<\/p>\n<p>Holm-Hadulla RM, Soeder U (1997). Psychische St\u00f6rungen von Studierenden. <em>PPmP Psychother. Psychosom. med. Psychol.<\/em>, 47: 419-425<\/p>\n<p>Holm-Hadulla RM, Kiefer L, Sessar W (1997). Zur Ef\u00adfektivit\u00e4t tiefen\u00adpsychologisch fundierter Kurz- und Psycho\u00adthe\u00adra\u00adpien. <em>PPmP Psychother. Psychosom. med. Psychol.<\/em>, 47: 271-278<\/p>\n<p>Holm-Hadulla RM (1996). Allgemeine und Hermeneutische Psy\u00adchotherapie. <em>Psychotherapeut<\/em>, 41: 355-360<\/p>\n<p>Holm-Hadulla RM (1996). The Creative Aspect of Dynamic Psychotherapy. <em>American Journal of Psychotherapy<\/em>, 50: 360-369<\/p>\n<p>Holm-Hadulla RM (1995). Sobre la evidencia estetica en el encuentro psicoterapeutico. <em>Actas Luso Esp. Neurol. Psiquiatr. Cienc. Afines<\/em>, 23 (3): 156-61<\/p>\n<p>Holm-Hadulla RM (1995). Psicoterapia integrativa y psicoterapia hermen\u00e9utica. <em>Revista Chilena de Neuro-Psiquiatria<\/em>, 33: 251-261<\/p>\n<p>Holm-Hadulla RM (1994). Psychotherapeutische Beratung und Behandlung von Studierenden im Rahmen einer psyc\u00adho\u00adtherapeutischen Beratungsstelle. <em>PPmP Psychot\u00adher. Psy\u00adchosom. med.Psychol.<\/em>, 44: 15-21<\/p>\n<p>Holm-Hadulla RM (1993). Hermen\u00e9utica y Experiencia Est\u00e9tica en el Psychoanalysis. <em>Revista Chilena de Neuro-Psi\u00adquia\u00adtria<\/em>, 31: 5-11<\/p>\n<p>Holm-Hadulla RM (1991). Consideraciones sobre la psi\u00adcoterapia breve de orientaci\u00f3n analitica como m\u00e9todo hermen\u00e9utico. <em>Revista Chilena de Neuro-Psiquiatria<\/em>, 29: 4-8<\/p>\n<p>Holm-Hadulla RM (1990). Institutionalisierte Dienste und Beratungsangebote in Deutschland. <em>Zsch. \u00adpsychosom. Med.<\/em>, 36: 166-169<\/p>\n<p>Holm-Hadulla RM (1990). Der hermeneutische Aspekt von analytisch orientierten (Kurz-)Psychotherapien. <em>PpmP Psych\u00adother. Psychosom. med. Psy\u00adchol.<\/em>, 40: 186-191<\/p>\n<p>Holm-Hadulla RM (1988). \u00dcber den strukturellen Zusam\u00admenhang schi\u00adzophrener Denk- und Sprachst\u00f6rungen mit wahn\u00adhaftem Erleben und Abwandlungen der Intentionali\u00adt\u00e4t. <em>Forts\u00adchr. Neurol. Psych\u00adiat.<\/em>, 56: 1-7<\/p>\n<p>Holm-Hadulla RM (1986). Sobre las relaciones entre len\u00adguaje, deli\u00adrio e intencionalidad en la esquizofre\u00adnia. <em>Revista Chi\u00adlena de Neuro-Psi\u00adquiatria<\/em>, 24: 9-15<\/p>\n<p>Holm-Hadulla RM, Benzenh\u00f6fer U (1985). Psychosomatisches zum Asthma bei Marcel Pro\u00adust. <em>Materialien Psy\u00adchoana\u00adlyse und analy\u00adtisch orie\u00adn\u00adtierter Psycho\u00adtherapie<\/em>, 11: 210-222<\/p>\n<p>Holm-Hadulla RM, Haug F (1984). Die Interpretation von Sprichw\u00f6rtern als klinische Methode zur Er\u00adfassung schizophrener Denk-, Sprach- und Symbolisa\u00adtions\u00adst\u00f6\u00adrun\u00adgen. <em>Nervenarzt<\/em>, 55: 496-503\u00ad<\/p>\n<p>Holm-Hadulla RM (1982). Der &#8218;Konkretismus&#8216; als Aus\u00addruck schi\u00adzophrenen Denkens, Sprechens und Verhaltens. <em>Ner\u00adven\u00adarzt<\/em>, 53: 524-529<\/p>\n<\/div>\n<p><\/p>","protected":false},"excerpt":{"rendered":"<p>Publikationen in Internationalen Peer-Review-Journals Holm-Hadulla, RM., Mayer, CH, Wendler, H., Kotera, Y., Kremer T., Herpertz, SC. (2022). Fear, Depression and Well-Being during the Covid-19 Pandemic in German and South African Students: A\u00a0cross-cultural comparison. Frontiers of Psychology, doi 10.3389\/fpsyg.2022.920125 Holm-Hadulla, RM., Klimov, M., Juche, T., M\u00f6ltner, A., Herpertz, SC.\u00a0(2021). Well-Being and Mental Health of Students during &#8230; <a title=\"peer-reviewed\" class=\"read-more\" href=\"https:\/\/www.holm-hadulla.com\/de\/publikationen\/peer-reviewed\/\" aria-label=\"Mehr Informationen \u00fcber peer-reviewed\">Weiterlesen<\/a><\/p>\n","protected":false},"author":1,"featured_media":0,"parent":15,"menu_order":11,"comment_status":"closed","ping_status":"closed","template":"","meta":{"generate_page_header":"","footnotes":""},"class_list":["post-283","page","type-page","status-publish"],"_links":{"self":[{"href":"https:\/\/www.holm-hadulla.com\/de\/wp-json\/wp\/v2\/pages\/283","targetHints":{"allow":["GET"]}}],"collection":[{"href":"https:\/\/www.holm-hadulla.com\/de\/wp-json\/wp\/v2\/pages"}],"about":[{"href":"https:\/\/www.holm-hadulla.com\/de\/wp-json\/wp\/v2\/types\/page"}],"author":[{"embeddable":true,"href":"https:\/\/www.holm-hadulla.com\/de\/wp-json\/wp\/v2\/users\/1"}],"replies":[{"embeddable":true,"href":"https:\/\/www.holm-hadulla.com\/de\/wp-json\/wp\/v2\/comments?post=283"}],"version-history":[{"count":26,"href":"https:\/\/www.holm-hadulla.com\/de\/wp-json\/wp\/v2\/pages\/283\/revisions"}],"predecessor-version":[{"id":614,"href":"https:\/\/www.holm-hadulla.com\/de\/wp-json\/wp\/v2\/pages\/283\/revisions\/614"}],"up":[{"embeddable":true,"href":"https:\/\/www.holm-hadulla.com\/de\/wp-json\/wp\/v2\/pages\/15"}],"wp:attachment":[{"href":"https:\/\/www.holm-hadulla.com\/de\/wp-json\/wp\/v2\/media?parent=283"}],"curies":[{"name":"wp","href":"https:\/\/api.w.org\/{rel}","templated":true}]}}