{"id":15,"date":"2016-07-28T13:38:41","date_gmt":"2016-07-28T11:38:41","guid":{"rendered":"http:\/\/www.holm-hadulla.com\/wp\/?page_id=15"},"modified":"2023-02-11T17:59:42","modified_gmt":"2023-02-11T16:59:42","slug":"publikationen","status":"publish","type":"page","link":"https:\/\/www.holm-hadulla.com\/de\/publikationen\/","title":{"rendered":"publikationen"},"content":{"rendered":"<p><\/p>\n<div id=\"center\">\n<p>Ein \u00dcberblick \u00fcber von mir ver\u00f6ffentlichte Aufs\u00e4tze und B\u00fccher:<\/p>\n<ul>\n<li><a title=\"Publikationen in anonym begutachteten wissenschaftlichen Journals\" href=\"https:\/\/www.holm-hadulla.com\/peer-reviewed\/\">Publikationen in Internationalen Peer-Review-Journals<\/a><\/li>\n<li>Aktuelles:\n<ul>\n<li><strong>&#8222;Die kreative Bew\u00e4ltigung von Verzweiflung, Hass und Gewalt&#8220;<\/strong>, Psychosozial-Verlag, Gie\u00dfen 2023. <a href=\"https:\/\/www.psychosozial-verlag.de\/3247\">Seite des Herausgebers<\/a>, <a href=\"https:\/\/www.holm-hadulla.com\/wp-content\/uploads\/2023\/01\/Kreativitat-Die-kreative-Bewaltigung-von-Verzweiflung-Hass-und-Gewalt-Flyer.pdf\">Rezensionen<\/a><\/li>\n<li><strong>&#8222;Kreativit\u00e4t &#8211; Prinzipien und Anwendungen&#8220;<\/strong>, Jahres-Kongress der Deutschen Gesellschaft f\u00fcr Psychiatrie, Psychotherapie, Psychosomatische Medizin und Nervenheilkunde (DGPPN), Berlin;<br \/>\n<a href=\"https:\/\/www.youtube.com\/watch?v=hzzxmHhu2uQ\">Vortrag auf YouTube<\/a><\/li>\n<li><strong>&#8222;\u00dcber die Wirksamkeit von therapeutischen Gespr\u00e4chen&#8220;<\/strong>, <a href=\"https:\/\/www.swr.de\/swr2\/wissen\/psychotherapie-rainer-m-holm-hadulla-ueber-die-wirksamkeit-von-therapeutischen-gespraechen-100.html\" target=\"_blank\" rel=\"noopener\">Beitrag bei SWR2 Wissen<\/a><\/li>\n<\/ul>\n<\/li>\n<li>B\u00fccher:\n<ul>\n<li>Holm-Hadulla RM, Funke J, Wink M (2021), Hrsg. <strong>&#8222;Intelligenz \u2013 Theoretische Grundlagen und praktische Anwendungen&#8220;<\/strong>. Heidelberger Jahrb\u00fccher. <a href=\"https:\/\/heiup.uni-heidelberg.de\/journals\/index.php\/hdjbo\/issue\/view\/2414\" target=\"_blank\" rel=\"noopener\">Seite des Herausgebers<\/a>.<\/li>\n<li><strong>&#8222;Integrative Psychotherapie &#8211; ein schulen\u00fcbergreifendes Modell anhand von exemplarischen Geschichten aus der Praxis&#8220;<\/strong>, Psychosozial-Verlag, Gie\u00dfen 2021. <a title=\"Psychosozial-Verlag [external link]\" href=\"https:\/\/www.psychosozial-verlag.de\/catalog\/product_info.php\/products_id\/3057\">Seite des Herausgebers<\/a>, <a href=\"https:\/\/www.aerzteblatt.de\/archiv\/219060\/Integrative-Psychotherapie-Ein-aussergewoehnliches-Lehrbuch\" rel=\"noopener\">Rezension (Deutsches \u00c4rzteblatt)<\/a><\/li>\n<li><strong>&#8222;Leidenschaft &#8211; Goethes Weg zur Kreativit\u00e4t&#8220;<\/strong>, Vandenhoeck &amp; Ruprecht, G\u00f6ttingen 2019 (3. \u00fcberarbeitete und erweiterte Ausgabe).\n<ul>\n<li>&#8222;Insofern l\u00f6st Holm-Hadulla den eigenen Anspruch ein, nicht nur Goethes psychischen Haushalt und seine individuelle \u201eGesundheitsstrategie\u201c offenzulegen, sondern auch seine Leser mit beeindruckender Klarheit zu einem Lebensversta\u0308ndnis zu motivieren, wie es uns Goethe beispielhaft vorgelebt hat. Mit eigener Lektu\u0308re mache man selbst die Probe aufs Exempel.&#8220;; <a href=\"https:\/\/www.holm-hadulla.com\/wp-content\/uploads\/jmb\/pdf\/kreativitaet_goethe_Golz.pdf\">weiterlesen<\/a><br \/>\n<em>Jochen Golz, Pr\u00e4sident der Goethe-Gesellschaft in Weimar<\/em><\/li>\n<li>&#8222;Mein Kompliment: es ist dem Autor gelungen, ein absolut schl\u00fcssiges, unaufgeregtes, gut informiertes und leserfreundlich informierendes Buch zu schreiben, das es nicht n\u00f6tig hat, intellektuelle Randale anzuzetteln. Das ist ein Buch, das man mit Gewinn auch ein zweites Mal liest und dessen Erstlekt\u00fcre ich letzte Woche meinen Studenten empfohlen habe.&#8220;<br \/>\n<em>Prof. Dr. Jochen H\u00f6risch, Literatur- und Medienwissenschaftler, Universit\u00e4t Mannheim<\/em><\/li>\n<li>\u00bbLeidenschaft: Goethes Weg zur Kreativit\u00e4t\u00ab ist ein sehr sch\u00f6nes, interessantes und sehr gut lesbares Buch. Man taucht ein in Goethes Welt und begleitet ihn beim Erwachsen-Werden, durchlebt und durchleidet mit ihm zahlreiche Krisen und geht aus den \u00bbWechselb\u00e4dern der Gef\u00fchle\u00ab selbst gest\u00e4rkt hervor&#8230;&#8220;; <a href=\"https:\/\/www.holm-hadulla.com\/wp-content\/uploads\/jmb\/pdf\/kreativitaet_goethe_Sperth.pdf\">weiterlesen<\/a><br \/>\n<em>Michael Sperth, Dipl.-Psych.<\/em><\/li>\n<li>&#8222;Die Lekt\u00fcre dieses Buchs ist nicht nur ein gro\u00dfes intellektuelles Vergn\u00fcgen, sondern auch von lebenspraktischer Bedeutung&#8230;&#8220;; <a href=\"https:\/\/www.holm-hadulla.com\/wp-content\/uploads\/jmb\/pdf\/kreativitaet_goethe_Cierpka.pdf\">weiterlesen<\/a><br \/>\n<em>Prof. Dr. Manfred Cierpka, <i class=\"\">Deutsches \u00c4rzteblatt<\/i><br \/>\n<\/em><\/li>\n<li>&#8222;Das Buch ist zeitlos anregend und informativ; es sch\u00e4rft die Sinne f\u00fcr den Reichtum menschlichen Bew\u00e4ltigungspotenzials&#8230;&#8220;; <a href=\"https:\/\/www.holm-hadulla.com\/wp-content\/uploads\/jmb\/pdf\/kreativitaet_goethe_PsychHeute.pdf\">weiterlesen<\/a><br \/>\n<em>Psychologie heute, Februar 2009<\/em><\/li>\n<li>&#8222;Schon in &#8218;Kreativit\u00e4t &#8211; Konzept und Lebensstil&#8216; war es dem Autor ein zentrales Anliegen aufzuweisen, da\u00df Kreativit\u00e4t f\u00fcr den Menschen von gro\u00dfer praktischer Bedeutung ist, und dabei Wege zu beschreiben, wie sch\u00f6pferische M\u00f6glichkeiten, die in jedem Menschen angelegt sind, entwickelt werden k\u00f6nnen. Ein weiteres Mal zeigt der Autor seine F\u00e4higkeit, komplexe Zusammenh\u00e4nge nicht nur f\u00fcr Psychoanalytiker, Psychotherapeuten und Germanisten, sondern auch f\u00fcr einen weiteren Leserkreis lebendig darzustellen und uns die Riesengestalt Goethe in einem Ma\u00dfe nahezubringen, das seinesgleichen sucht&#8230;&#8220;; <a href=\"https:\/\/www.holm-hadulla.com\/wp-content\/uploads\/jmb\/pdf\/kreativitaet_goethe_Lang.pdf\">weiterlesen<\/a><br \/>\n<em>Prof. Dr. Hermann Lang, <i class=\"\">Psyche<\/i><br \/>\n<\/em><\/li>\n<li>&#8222;Insgesamt eine kenntnisreiche und fl\u00fcssig geschriebene Studie&#8230;&#8220;; <a href=\"http:\/\/www.literaturkritik.de\/public\/rezension.php?rez_id=12656\">weiterlesen<\/a><br \/>\n<em>Sandra Kluwe, literaturkritik.de<\/em><\/li>\n<li>&#8222;Rainer M. Holm-Hadulla hat mit der vorliegenden Psychobiografie ein interessantes, \u00e4u\u00dferst lesenswertes und allgemeinverst\u00e4ndliches, auf den Erkenntnissen der modernen Psychologie basierendes Buch \u00fcber den gro\u00dfen deutschen Dichter geschrieben, das durchaus allgemeing\u00fcltige Aussagekraft besitzt&#8230;&#8220;; <a href=\"http:\/\/www.literaturnetz.com\/index.php?searchword=Holm-Hadulla&amp;ordering=&amp;searchphrase=all&amp;option=com_search\">weiterlesen<\/a><br \/>\n<em>Heike Geilen, literature.de<\/em><\/li>\n<li>Dem Autor gelingt &#8222;das Aufzeigen der Verschr\u00e4nkung von Leben und Werk Goethes sehr gut&#8230;&#8220;; <a href=\"https:\/\/www.holm-hadulla.com\/wp-content\/uploads\/jmb\/pdf\/kreativitaet_goethe_Campana.pdf\">weiterlesen<\/a><br \/>\n<em>Lic. phil. Alexandra Campana, Vanderbilt University<\/em><\/li>\n<\/ul>\n<\/li>\n<li><strong>&#8222;Goethe\u2019s Path to Creativity &#8211; A Psycho-Biography of the Eminent Politician, Scientist and Poet&#8220;<\/strong>, Routledge, London 2018.\n<ul>\n<li>&#8222;Among the numerous books on Goethe, the work of Rainer Matthias Holm-Hadulla takes an exceptional position. It provides reliable information about Goethe\u2019s life and work and unlocks the secrets of his creativity. Goethe is understood as a personality who was able to overcome individual crises in artistic creation. A book not only for Goethe friends, but also for those seeking guidance in today\u2019s world.&#8220;<br \/>\n<em>Jochen Golz, President of the Goethe Society in Weimar, Germany<br \/>\n<\/em><\/li>\n<li>&#8222;Holm-Hadulla\u2019s psychobiography of Goethe offers a psychology of creativity that is pleasantly devoid of any psychoanalytic or psychologic dogmatism. This is already apparent in the author\u2019s approachable language, which steers well clear of jargon and mumbo-jumbo. The book provides perspicacious insights into the peaks and troughs of Goethe\u2019s creativity, insights that one frequently seeks in vain in purely literary biographies.&#8220;<br \/>\n<em>Dieter Borchmeyer, Senior Professor of German Literature at Heidelberg University, Germany<\/em><\/li>\n<\/ul>\n<p><a title=\"Routledge [external link]\" href=\"https:\/\/www.routledge.com\/Goethes-Path-to-Creativity-A-Psycho-Biography-of-the-Eminent-Politician\/Holm-Hadulla\/p\/book\/9781138626041\">Seite des Herausgebers<\/a><\/li>\n<li><strong>&#8222;The Recovered Voice&#8220;<\/strong>, Karnac Books, London 2017.\n<ul>\n<li>&#8222;An affecting book, intelligent and well-written.&#8220;<br \/>\n<em>Ingeborg Salomon, Rhein-Neckar-Zeitung newspaper<\/em><\/li>\n<li>&#8222;The author convincingly combines psychoanalytic narrative with profound experience and theoretical re\ufb02ection. His balanced and yet extremely precise integrative model is eminently successful in overcoming the hoary old antagonisms between, say, behavioural therapy and psychoanalysis.&#8220;<br \/>\n<em>Jochen H\u00f6risch, PhD, Professor of Literature and Media Studies, Mannheim University<\/em><\/li>\n<li>&#8222;This book is highly recommended for experts and non-experts alike. \u201cImparting our thoughts is natural. Understanding what we are told, as it is told, requires education\u201d (Goethe). Seen thus, these twelve stories are an education in themselves.&#8220;<br \/>\n<em>Brigitte Boothe, Neue Z\u00fcrcher Zeitung newspaper<\/em><\/li>\n<li>&#8222;The Recovered Voice explores the creativity of the psychotherapeutic encounter. It combines cognitive behavioural techniques with psychoanalytic and existential understanding. These aspects of modern psychotherapy are integrated into a convincing practical strategy. The narratives provide a directly accessible approach for everyone interested in psychotherapy. I hope that this book \ufb01nds many readers. It serves as an excellent basis, not only for experts but also for the general public.&#8220;<br \/>\n<em>Manfred Cierpka, MD, German Journal of Physicians<\/em><\/li>\n<\/ul>\n<p><a title=\"Karnac Books [external link]\" href=\"http:\/\/www.karnacbooks.com\/product\/the-recovered-voice-tales-of-practical-psychotherapy\/37889\/\">Seite des Herausgebers<\/a><\/li>\n<li><strong>&#8222;Die vielen Gesichter der Depression&#8220;<\/strong> (with Andreas Draguhn), Winter, Heidelberg 2015. <a title=\"Winter [external link]\" href=\"http:\/\/www.winter-verlag.de\/en\/detail\/9783825364403\/Holm_Hadulla_ua_Hg_Die_vielen_Gesichter_der_Depression\/\">Seite des Herausgebers<\/a><\/li>\n<li><strong>&#8222;Integrative Psychotherapie &#8211; Zw\u00f6lf exemplarische Geschichten aus der Praxis&#8220;<\/strong>, Klett-Cotta, Stuttgart 2015.\n<ul>\n<li>&#8222;Ein bewegendes, kluges und gut geschriebenes Buch.&#8220;; <a href=\"https:\/\/www.holm-hadulla.com\/wp-content\/uploads\/jmb\/pdf\/integrative_psychotherapie_salomon.pdf\">weiterlesen<\/a><br \/>\n<em>Ingeborg Salomon, Rhein-Neckar-Zeitung, 21. M\u00e4rz 2015<\/em><\/li>\n<li>&#8222;Sich mitzuteilen ist Natur; Mitgeteiltes aufzunehmen, wie es gegeben wird, ist Bildung&#8220;. In diesem Sinne vermitteln die 12 Geschichten Bildung.&#8220;; <a href=\"https:\/\/www.holm-hadulla.com\/wp-content\/uploads\/jmb\/pdf\/integrative_psychotherapie_boothe.pdf\">weiterlesen<\/a><br \/>\n<em>Brigitte Boothe, Psychotherapeut, Band 60, Heft 5, September 2015<\/em><\/li>\n<\/ul>\n<p><a title=\"Klett-Cotta [external link]\" href=\"http:\/\/www.klett-cotta.de\/buch\/Psychotherapie_allgemein\/Integrative_Psychotherapie\/56187\">Seite des Herausgebers<\/a><\/li>\n<li><strong>&#8222;Kreativit\u00e4t zwischen Sch\u00f6pfung und Zerst\u00f6rung&#8220;<\/strong>, Vandenhoeck &amp; Ruprecht, G\u00f6ttingen 2011.\n<ul>\n<li>&#8222;Der gro\u00dfe Bogen, den das Buch schl\u00e4gt \u2013 von den Sch\u00f6pfungsgeschichten diverser Kulturv\u00f6lker bis zur Pop-Moderne \u2013 zeugt von einem ambitionierten Vorhaben, erlangt jedoch Koh\u00e4renz durch das tragende Thema ambivalenter Kreativit\u00e4t, das den Anfangs- und Eckpunkt wie auch die St\u00fctzpfeiler der Br\u00fccken-Architektur bildet. Holm-Hadulla hat seine Kenntnisse also nicht zuletzt in der eigenen Schreibpraxis umzusetzen vermocht, was f\u00fcr deren Validit\u00e4t spricht.&#8220;; <a href=\"https:\/\/www.holm-hadulla.com\/wp-content\/uploads\/jmb\/pdf\/kreativitaet_schoepfung_Kluwe.pdf\">weiterlesen<\/a><br \/>\n<em>Sandra Kluwe, Heidelberg<\/em><\/li>\n<li>&#8222;Faszinierend, perspektivenreich und sch\u00f6n zu lesen.&#8220;<br \/>\n<em>Dr. S. Lehnerer, M\u00fcnchen<\/em><\/li>\n<li>&#8222;Methodisch geht Rainer M. Holm-Hadulla bei der Interpretation kultureller und wissenschaftlicher Vorstellungen von seinen Erfahrungen als Arzt, Analytiker und Berater aus. Zudem untersucht er die verschiedenen Auffassungen des Sch\u00f6pferischen aufgrund derzeit einflussreicher Kreativit\u00e4tskonzepte und eigener Forschungen. Entstanden ist eine \u00e4u\u00dferst lesenswerte dialektische Kreativit\u00e4tstheorie.&#8220;<br \/>\n<em>Mundus, Heft 1\/2012<\/em><\/li>\n<\/ul>\n<p><a title=\"Vandenhoeck &amp; Ruprecht [external link]\" href=\"http:\/\/www.v-r.de\/en\/Holm-Hadulla-Kreativitaet-zwischen-Schoepfung-und-Zerstoerung\/t\/1001006413\/\">Seite des Herausgebers<\/a>, <a title=\"Wikipedia, the free encyclopedia [external link]\" href=\"http:\/\/en.wikipedia.org\/wiki\/Creativity\">on creativity<\/a><\/li>\n<li><strong>&#8222;Kreativit\u00e4t &#8211; Konzept und Lebensstil&#8220;<\/strong>, Vandenhoeck &amp; Ruprecht, G\u00f6ttingen 2010 (3. \u00fcberarbeitete und erweiterte Ausgabe).\n<ul>\n<li>&#8222;Eine fundierte und fl\u00fcssig geschriebene Darstellung des oft inflation\u00e4r behandelten Themas.&#8220;<br \/>\n<em>Prof. Dr. Manfred Cierpka, Deutsches \u00c4rzteblatt<\/em><\/li>\n<li>&#8222;Eine sehr gelungene Studie, die sowohl wissenschaftlich Interessierte, und dies in den unterschiedlichsten Disziplinen, als auch den praktisch T\u00e4tigen, seien es Psychotherapeuten oder Berater, wie auch den interessierten Laien unmittelbar anspricht.&#8220;<br \/>\n<em>Prof. Dr. Hermann Lang, Psyche<\/em><\/li>\n<\/ul>\n<p><a title=\"Vandenhoeck &amp; Ruprecht [external link]\" href=\"http:\/\/www.v-r.de\/en\/Holm-Hadulla-Kreativitaet\/t\/352549073\/\">Seite des Herausgebers<\/a><\/li>\n<li><strong>&#8222;The Art of Counselling and Psychotherapy&#8220;<\/strong>, Karnac Books, London, New York 2004.\n<ul>\n<li>&#8222;The Spanish edition of &#8218;The Art of Counselling and Psychotherapy&#8216; was a major contribution to the subject of counselling and psychotherapy. The English edition has been thoroughly revised and reflects the latest developments in the ongoing discussion of the matters it addresses. In addition, it contains new chapters on creativity, counselling, and coaching.&#8220;<br \/>\n<em>Prof. Dr. Carlos Cornaglia, Universidad de C\u00f3rdoba, Argentina<\/em><\/li>\n<li>&#8222;This book is a felicitous combination of modern concepts of counselling and psychotherapy with perpectives squarely rooted in cultural studies. While geared to the requirements of psychotherapeutic practice, the book is of major interest not only for counsellors and psychotherapists but also for a wider audience.&#8220;<br \/>\n<em>Prof. Dr. Otto Doerr Zegers, Universidad de Chile<\/em><\/li>\n<\/ul>\n<\/li>\n<li><strong>&#8222;Psychische Schwierigkeiten von Studierenden und ihre Behandlung&#8220;<\/strong> (Hg.), Vandenhoeck &amp; Ruprecht, G\u00f6ttingen 2001<\/li>\n<li><strong>&#8222;Kreativit\u00e4t&#8220;<\/strong> (Hg.), Springer, Heidelberg, New York, Tokio 2000<\/li>\n<li><strong>&#8222;El arte psicoterap\u00e9utico&#8220;<\/strong>, Editorial Herder, Barcelona 1999<\/li>\n<li><strong>&#8222;Die psychotherapeutische Kunst&#8220;<\/strong>, Vandenhoeck &amp; Ruprecht, G\u00f6ttingen 1997<\/li>\n<\/ul>\n<\/li>\n<\/ul>\n<\/div>\n<p><\/p>","protected":false},"excerpt":{"rendered":"<p>Ein \u00dcberblick \u00fcber von mir ver\u00f6ffentlichte Aufs\u00e4tze und B\u00fccher: Publikationen in Internationalen Peer-Review-Journals Aktuelles: &#8222;Die kreative Bew\u00e4ltigung von Verzweiflung, Hass und Gewalt&#8220;, Psychosozial-Verlag, Gie\u00dfen 2023. Seite des Herausgebers, Rezensionen &#8222;Kreativit\u00e4t &#8211; Prinzipien und Anwendungen&#8220;, Jahres-Kongress der Deutschen Gesellschaft f\u00fcr Psychiatrie, Psychotherapie, Psychosomatische Medizin und Nervenheilkunde (DGPPN), Berlin; Vortrag auf YouTube &#8222;\u00dcber die Wirksamkeit von therapeutischen &#8230; <a title=\"publikationen\" class=\"read-more\" href=\"https:\/\/www.holm-hadulla.com\/de\/publikationen\/\" aria-label=\"Mehr Informationen \u00fcber publikationen\">Weiterlesen<\/a><\/p>\n","protected":false},"author":1,"featured_media":0,"parent":0,"menu_order":10,"comment_status":"closed","ping_status":"closed","template":"","meta":{"generate_page_header":"","footnotes":""},"class_list":["post-15","page","type-page","status-publish"],"_links":{"self":[{"href":"https:\/\/www.holm-hadulla.com\/de\/wp-json\/wp\/v2\/pages\/15","targetHints":{"allow":["GET"]}}],"collection":[{"href":"https:\/\/www.holm-hadulla.com\/de\/wp-json\/wp\/v2\/pages"}],"about":[{"href":"https:\/\/www.holm-hadulla.com\/de\/wp-json\/wp\/v2\/types\/page"}],"author":[{"embeddable":true,"href":"https:\/\/www.holm-hadulla.com\/de\/wp-json\/wp\/v2\/users\/1"}],"replies":[{"embeddable":true,"href":"https:\/\/www.holm-hadulla.com\/de\/wp-json\/wp\/v2\/comments?post=15"}],"version-history":[{"count":169,"href":"https:\/\/www.holm-hadulla.com\/de\/wp-json\/wp\/v2\/pages\/15\/revisions"}],"predecessor-version":[{"id":619,"href":"https:\/\/www.holm-hadulla.com\/de\/wp-json\/wp\/v2\/pages\/15\/revisions\/619"}],"wp:attachment":[{"href":"https:\/\/www.holm-hadulla.com\/de\/wp-json\/wp\/v2\/media?parent=15"}],"curies":[{"name":"wp","href":"https:\/\/api.w.org\/{rel}","templated":true}]}}