{"id":11,"date":"2016-07-28T13:33:30","date_gmt":"2016-07-28T11:33:30","guid":{"rendered":"http:\/\/www.holm-hadulla.com\/wp\/?page_id=11"},"modified":"2026-04-16T22:50:14","modified_gmt":"2026-04-16T20:50:14","slug":"lebenslauf","status":"publish","type":"page","link":"https:\/\/www.holm-hadulla.com\/de\/lebenslauf\/","title":{"rendered":"lebenslauf"},"content":{"rendered":"<p><\/p>\n<div id=\"center\">\n<p>Eine Zusammenfassung einiger wichtiger Stationen meines Lebens:<\/p>\n<ul>\n<li>Geboren am 22. September 1951 als zweiter Sohn der aus Oberschlesien Vertriebenen Margarethe Lucie und Gottfried Martin Holm-Hadulla<\/li>\n<li>1957\u20131970, Grundschule und Goethe-Gymnasium Wetzlar\/Lahn<\/li>\n<li>1970\u20131976, Studium der Medizin und Philosophie in Marburg, Rom, Heidelberg<\/li>\n<li>1976\u20131978, Medizinalassistenz in der Chirurgie, Inneren Medizin und Psychosomatik am <a class=\"\" title=\"Universit\u00e4t Heidelberg [externer Link]\" href=\"http:\/\/www.uni-heidelberg.de\/\" target=\"_blank\" rel=\"noopener\">Universit\u00e4tsklinikum Heidelberg<\/a><\/li>\n<li>1978\u20131979, \u00c4rztliche T\u00e4tigkeit im <a class=\"\" title=\"Psychiatrisches Zentrum Nordbaden [externer Link]\" href=\"http:\/\/www.pzn-wiesloch.de\/\" target=\"_blank\" rel=\"noopener\">Psychiatrischen Zentrum Nordbaden<\/a><\/li>\n<li>1979\u20131986, \u00c4rztliche, wissenschaftliche und Lehrt\u00e4tigkeit an der Psychiatrischen, Psychosomatischen und Neurologischen <a class=\"\" title=\"Universit\u00e4t Heidelberg [externer Link]\" href=\"http:\/\/www.uni-heidelberg.de\/\" target=\"_blank\" rel=\"noopener\">Universit\u00e4tsklinik Heidelberg<\/a><\/li>\n<li>1985 und 1987, Gastdozent als DAAD-Stipendiat an der Universidad de Chile, Santiago de Chile<\/li>\n<li>1986\u20132017, Leitender Arzt der Psychosozialen Beratungsstelle f\u00fcr Studierende an der <a href=\"http:\/\/www.uni-heidelberg.de\/\" target=\"_blank\" rel=\"noopener\">Universit\u00e4t Heidelberg<\/a>\n<ul>\n<li>Wissenschaftliche und Lehrt\u00e4tigkeit an der Universit\u00e4t Heidelberg<\/li>\n<li>Privatpraxis f\u00fcr Psychiatrie, Psychosomatische Medizin und Psychotherapie<\/li>\n<li>Internationale Vortragst\u00e4tigkeit und Gastprofessuren in Lateinamerika und China<\/li>\n<\/ul>\n<\/li>\n<li>1992, Ernennung zum Lehranalytiker in der <a class=\"\" title=\"Internationale Psychoanalytischen Vereinigung (IPV) [externer Link]\" href=\"http:\/\/www.ipa.org.uk\/de\" target=\"_blank\" rel=\"noopener\">Internationalen Psychoanalytischen Vereinigung (IPV)<\/a>; Dozent, Supervisor und Lehranalytiker in der IPV bis 2025<\/li>\n<li>1996, Habilitation: &#8222;Psychische St\u00f6rungen von Studierenden und ihre Behandlung&#8220;<\/li>\n<li>2009, Berufung an das <a class=\"\" title=\"International Center for Advanced Studies, Universit\u00e4t zu K\u00f6ln [externer Link]\" href=\"https:\/\/www.morphomata.uni-koeln.de\/index.html\" target=\"_blank\" rel=\"noopener\">internationale Kolleg \u201eMorphomata\u201c, Center for Advanced Studies, Universit\u00e4t zu K\u00f6ln<\/a><\/li>\n<li>2010, Berufung an das <a class=\"\" title=\"Center for Advanced Studies, Universit\u00e4t Heidelberg [externer Link]\" href=\"http:\/\/www.marsilius-kolleg.uni-heidelberg.de\/\" target=\"_blank\" rel=\"noopener\">&#8222;Marsilius-Kolleg&#8220;, Center for Advanced Interdisciplinary Studies, Universit\u00e4t Heidelberg<\/a><\/li>\n<li>2011, Ernennung zum Gastprofessor an der <a class=\"\" title=\"Pop-Akademie Baden-W\u00fcrttemberg, Mannheim [externer Link]\" href=\"http:\/\/www.popakademie.de\/\" target=\"_blank\" rel=\"noopener\">Pop-Akademie Baden-W\u00fcrttemberg, Mannheim<\/a><\/li>\n<li>2011, Ernennung zum Investigador Adjunto, <a class=\"\" title=\"Universidad Diego Portales, Santiago de Chile [externer Link]\" href=\"http:\/\/www.udp.cl\/\" target=\"_blank\" rel=\"noopener\">Universidad de Chile<\/a><\/li>\n<li>2012, Verdienstmedaille des Deutschen Studentenwerks<\/li>\n<li>2015, Berufung in die Academia Argentina de Ciencias, Psicoan\u00e1lisis y Psiquiatr\u00eda<\/li>\n<li>2015 bis 2025, Initiator und Leiter der &#8222;Fr\u00fchen Hilfen f\u00fcr Fl\u00fcchtlingskinder&#8220; im Ankunftszentrum PHV mit Studierenden der <a href=\"http:\/\/www.uni-heidelberg.de\/\" target=\"_blank\" rel=\"noopener\">Universit\u00e4t Heidelberg<\/a><\/li>\n<li>Seit 2017, Privatpraxis und Ausbildung von PsychotherapeutInnen, Fortsetzung der ehrenamtlichen Forschungs- und Lehrt\u00e4tigkeit an der <a href=\"http:\/\/www.uni-heidelberg.de\/\" target=\"_blank\" rel=\"noopener\">Universit\u00e4t Heidelberg<\/a><\/li>\n<li>2023, Verleihung der Paul-Harris-Fellow-Medaille von Rotary International f\u00fcr jahrzehntelangen ehrenamtlichen Einsatz besonders f\u00fcr Kinder und Jugendliche<\/li>\n<li>2023, Ernennung zum <a href=\"https:\/\/www.academiachilenademedicina.cl\/2023\/04\/25\/el-profesor-dr-rainer-matthias-holm-hadulla-de-la-universidad-de-heidelberg-alemania-sera-recibido-como-miembro-honorario-extranjero-de-la-academia-chilena-de-medicina\/\" target=\"_blank\" rel=\"noopener\">Ehrenmitglied der Academia Chilena de Medicina<\/a><\/li>\n<li>Seit 2023, Kurator von &#8222;Create Peace&#8220;: Bedeutung von Wissenschaft, Kunst, Sport und Religion f\u00fcr den Frieden<\/li>\n<li>2025, Ernennung zum &#8222;Doctor Honoris Causa en Derechos Humanos para la Paz&#8220; de la Organizaci\u00f3n de las Am\u00e9ricas para la Excelencia Educativa (ODAEE)<\/li>\n<li>2026, Ernennung zum &#8222;Embajador de la Paz&#8220; seitens der Comisi\u00f3n Iberoamericana de Derechos Humanos para el Desarrollo de las Am\u00e9ricas y Ciencias Jur\u00eddicas (IIDHCJ)<\/li>\n<li>Verheiratet mit der Malerin Christel Fahrig-Holm-Hadulla; zwei S\u00f6hne und vier Enkelkinder<\/li>\n<\/ul>\n<\/div>\n<p><\/p>","protected":false},"excerpt":{"rendered":"<p>Eine Zusammenfassung einiger wichtiger Stationen meines Lebens: Geboren am 22. September 1951 als zweiter Sohn der aus Oberschlesien Vertriebenen Margarethe Lucie und Gottfried Martin Holm-Hadulla 1957\u20131970, Grundschule und Goethe-Gymnasium Wetzlar\/Lahn 1970\u20131976, Studium der Medizin und Philosophie in Marburg, Rom, Heidelberg 1976\u20131978, Medizinalassistenz in der Chirurgie, Inneren Medizin und Psychosomatik am Universit\u00e4tsklinikum Heidelberg 1978\u20131979, \u00c4rztliche T\u00e4tigkeit &#8230; <a title=\"lebenslauf\" class=\"read-more\" href=\"https:\/\/www.holm-hadulla.com\/de\/lebenslauf\/\" aria-label=\"Mehr Informationen \u00fcber lebenslauf\">Weiterlesen<\/a><\/p>\n","protected":false},"author":1,"featured_media":0,"parent":0,"menu_order":20,"comment_status":"closed","ping_status":"closed","template":"","meta":{"generate_page_header":"","footnotes":""},"class_list":["post-11","page","type-page","status-publish"],"_links":{"self":[{"href":"https:\/\/www.holm-hadulla.com\/de\/wp-json\/wp\/v2\/pages\/11","targetHints":{"allow":["GET"]}}],"collection":[{"href":"https:\/\/www.holm-hadulla.com\/de\/wp-json\/wp\/v2\/pages"}],"about":[{"href":"https:\/\/www.holm-hadulla.com\/de\/wp-json\/wp\/v2\/types\/page"}],"author":[{"embeddable":true,"href":"https:\/\/www.holm-hadulla.com\/de\/wp-json\/wp\/v2\/users\/1"}],"replies":[{"embeddable":true,"href":"https:\/\/www.holm-hadulla.com\/de\/wp-json\/wp\/v2\/comments?post=11"}],"version-history":[{"count":63,"href":"https:\/\/www.holm-hadulla.com\/de\/wp-json\/wp\/v2\/pages\/11\/revisions"}],"predecessor-version":[{"id":729,"href":"https:\/\/www.holm-hadulla.com\/de\/wp-json\/wp\/v2\/pages\/11\/revisions\/729"}],"wp:attachment":[{"href":"https:\/\/www.holm-hadulla.com\/de\/wp-json\/wp\/v2\/media?parent=11"}],"curies":[{"name":"wp","href":"https:\/\/api.w.org\/{rel}","templated":true}]}}